{"id":97,"date":"2021-12-17T14:05:51","date_gmt":"2021-12-17T13:05:51","guid":{"rendered":"https:\/\/antoineoury.wordpress.com\/?page_id=97"},"modified":"2021-12-17T14:05:51","modified_gmt":"2021-12-17T13:05:51","slug":"coup-doreille","status":"publish","type":"page","link":"https:\/\/antoineoury.fr\/index.php\/coup-doreille\/","title":{"rendered":"Coup d&rsquo;Oreille"},"content":{"rendered":"\n<p>J&rsquo;ai particip\u00e9 \u00e0 la courte vie du webzine <em>Coup d&rsquo;Oreille<\/em> en 2013 et 2014. Sous le pseudonyme RZOM, j&rsquo;ai sign\u00e9 des entretiens, des chroniques, des dossiers, quelques portraits, ainsi que des articles plus conventionnels, notamment autour de l&rsquo;histoire de certaines pochettes d&rsquo;albums.<\/p>\n\n\n\n<p>La participation au webzine m&rsquo;a aussi permis d&rsquo;assister &#8211; vive les entr\u00e9es gratuites &#8211; \u00e0 un grand nombre de concerts, surtout hip hop et rap, au cours desquels je prenais des photos. \u00c0 cette \u00e9poque, certaines semaines, ma colocataire Maureen (Reenmo) et moi, assistions \u00e0 plusieurs concerts, assortis d&rsquo;entretiens r\u00e9alis\u00e9s dans la foul\u00e9e. Je r\u00e9sidai \u00e0 l&rsquo;\u00e9poque dans le 13e arrondissement de Paris, et la capitale regorgeait de ce type d&rsquo;\u00e9v\u00e9nements.<\/p>\n\n\n\n<p>Comme indiqu\u00e9 plus haut, <em>Coup d&rsquo;Oreille<\/em> n&rsquo;a pas eu une existence tr\u00e8s longue, mais nous avions r\u00e9ussi, Reenmo et RZOM, \u00e0 fid\u00e9liser un petit nombre de lecteurs int\u00e9ress\u00e9s par nos articles. Les entretiens ont aussi \u00e9t\u00e9 \u00e0 l&rsquo;origine de rencontres marquantes, avec des artistes la plupart du temps ouverts, sympathiques et chaleureux.<\/p>\n","protected":false},"excerpt":{"rendered":"<p>J&rsquo;ai particip\u00e9 \u00e0 la courte vie du webzine Coup d&rsquo;Oreille en 2013 et 2014. Sous le pseudonyme RZOM, j&rsquo;ai sign\u00e9 des entretiens, des chroniques, des dossiers, quelques portraits, ainsi que des articles plus conventionnels, notamment autour de l&rsquo;histoire de certaines pochettes d&rsquo;albums. La participation au webzine m&rsquo;a aussi permis d&rsquo;assister &#8211; vive les entr\u00e9es gratuites &hellip; <a href=\"https:\/\/antoineoury.fr\/index.php\/coup-doreille\/\" class=\"more-link\">Continuer la lecture de <span class=\"screen-reader-text\">Coup d&rsquo;Oreille<\/span><\/a><\/p>\n","protected":false},"author":2,"featured_media":0,"parent":0,"menu_order":0,"comment_status":"closed","ping_status":"closed","template":"","meta":{"footnotes":""},"class_list":["post-97","page","type-page","status-publish","hentry"],"_links":{"self":[{"href":"https:\/\/antoineoury.fr\/index.php\/wp-json\/wp\/v2\/pages\/97","targetHints":{"allow":["GET"]}}],"collection":[{"href":"https:\/\/antoineoury.fr\/index.php\/wp-json\/wp\/v2\/pages"}],"about":[{"href":"https:\/\/antoineoury.fr\/index.php\/wp-json\/wp\/v2\/types\/page"}],"author":[{"embeddable":true,"href":"https:\/\/antoineoury.fr\/index.php\/wp-json\/wp\/v2\/users\/2"}],"replies":[{"embeddable":true,"href":"https:\/\/antoineoury.fr\/index.php\/wp-json\/wp\/v2\/comments?post=97"}],"version-history":[{"count":0,"href":"https:\/\/antoineoury.fr\/index.php\/wp-json\/wp\/v2\/pages\/97\/revisions"}],"wp:attachment":[{"href":"https:\/\/antoineoury.fr\/index.php\/wp-json\/wp\/v2\/media?parent=97"}],"curies":[{"name":"wp","href":"https:\/\/api.w.org\/{rel}","templated":true}]}}