{"id":596,"date":"2021-12-04T15:57:15","date_gmt":"2021-12-04T14:57:15","guid":{"rendered":"https:\/\/antoineoury.wordpress.com\/home\/"},"modified":"2023-10-05T20:15:45","modified_gmt":"2023-10-05T18:15:45","slug":"home","status":"publish","type":"page","link":"https:\/\/antoineoury.fr\/","title":{"rendered":"Bienvenue !"},"content":{"rendered":"\n<p>Vous trouverez sur ce site des articles sur diff\u00e9rents sujets, principalement culturels, notamment la musique, le cin\u00e9ma ou encore la litt\u00e9rature. Il vous donnera aussi un aper\u00e7u de mes productions multim\u00e9dia (infographie, montage vid\u00e9o et autres) et des informations sur d&rsquo;autres travaux plus longs. Enfin, il fournit un acc\u00e8s \u00e0 mon curriculum vitae complet.<\/p>\n\n\n\n<p>Vous pouvez utiliser, pour naviguer, la colonne qui se trouve sur la partie gauche du site (ou \u00e0 droite pour la version mobile).<\/p>\n","protected":false},"excerpt":{"rendered":"<p>Vous trouverez sur ce site des articles sur diff\u00e9rents sujets, principalement culturels, notamment la musique, le cin\u00e9ma ou encore la litt\u00e9rature. Il vous donnera aussi un aper\u00e7u de mes productions multim\u00e9dia (infographie, montage vid\u00e9o et autres) et des informations sur d&rsquo;autres travaux plus longs. Enfin, il fournit un acc\u00e8s \u00e0 mon curriculum vitae complet. Vous &hellip; <a href=\"https:\/\/antoineoury.fr\/\" class=\"more-link\">Continuer la lecture de <span class=\"screen-reader-text\">Bienvenue !<\/span><\/a><\/p>\n","protected":false},"author":2,"featured_media":0,"parent":0,"menu_order":0,"comment_status":"closed","ping_status":"closed","template":"header-footer-only","meta":{"footnotes":""},"class_list":["post-596","page","type-page","status-publish","hentry"],"_links":{"self":[{"href":"https:\/\/antoineoury.fr\/index.php\/wp-json\/wp\/v2\/pages\/596","targetHints":{"allow":["GET"]}}],"collection":[{"href":"https:\/\/antoineoury.fr\/index.php\/wp-json\/wp\/v2\/pages"}],"about":[{"href":"https:\/\/antoineoury.fr\/index.php\/wp-json\/wp\/v2\/types\/page"}],"author":[{"embeddable":true,"href":"https:\/\/antoineoury.fr\/index.php\/wp-json\/wp\/v2\/users\/2"}],"replies":[{"embeddable":true,"href":"https:\/\/antoineoury.fr\/index.php\/wp-json\/wp\/v2\/comments?post=596"}],"version-history":[{"count":2,"href":"https:\/\/antoineoury.fr\/index.php\/wp-json\/wp\/v2\/pages\/596\/revisions"}],"predecessor-version":[{"id":728,"href":"https:\/\/antoineoury.fr\/index.php\/wp-json\/wp\/v2\/pages\/596\/revisions\/728"}],"wp:attachment":[{"href":"https:\/\/antoineoury.fr\/index.php\/wp-json\/wp\/v2\/media?parent=596"}],"curies":[{"name":"wp","href":"https:\/\/api.w.org\/{rel}","templated":true}]}}