{"id":496,"date":"2022-02-22T17:00:51","date_gmt":"2022-02-22T16:00:51","guid":{"rendered":"https:\/\/antoineoury.wordpress.com\/?page_id=496"},"modified":"2022-02-22T17:00:51","modified_gmt":"2022-02-22T16:00:51","slug":"a-propos","status":"publish","type":"page","link":"https:\/\/antoineoury.fr\/index.php\/a-propos\/","title":{"rendered":"\u00c0 propos"},"content":{"rendered":"\n<p>Ce site a \u00e9t\u00e9 cr\u00e9\u00e9 pour donner un aper\u00e7u de mon travail, aussi bien professionnel, \u00e0 travers mon activit\u00e9 quotidienne pour le site ActuaLitt\u00e9 ou mes productions pass\u00e9es pour diff\u00e9rents sites, que personnel.<\/p>\n\n\n\n<p>Vous trouverez ainsi sur ce site des articles qui ne sont plus disponibles ailleurs, des infographies, vid\u00e9os et autres productions r\u00e9alis\u00e9es par mes soins.<\/p>\n\n\n\n<p>N&rsquo;h\u00e9sitez pas \u00e0 me contacter \u00e0 l&rsquo;adresse <a href=\"mailto:antoineoury@gmail.com\">antoineoury@gmail.com<\/a>, si besoin.<\/p>\n","protected":false},"excerpt":{"rendered":"<p>Ce site a \u00e9t\u00e9 cr\u00e9\u00e9 pour donner un aper\u00e7u de mon travail, aussi bien professionnel, \u00e0 travers mon activit\u00e9 quotidienne pour le site ActuaLitt\u00e9 ou mes productions pass\u00e9es pour diff\u00e9rents sites, que personnel. Vous trouverez ainsi sur ce site des articles qui ne sont plus disponibles ailleurs, des infographies, vid\u00e9os et autres productions r\u00e9alis\u00e9es par &hellip; <a href=\"https:\/\/antoineoury.fr\/index.php\/a-propos\/\" class=\"more-link\">Continuer la lecture de <span class=\"screen-reader-text\">\u00c0 propos<\/span><\/a><\/p>\n","protected":false},"author":2,"featured_media":0,"parent":0,"menu_order":0,"comment_status":"closed","ping_status":"closed","template":"","meta":{"footnotes":""},"class_list":["post-496","page","type-page","status-publish","hentry"],"_links":{"self":[{"href":"https:\/\/antoineoury.fr\/index.php\/wp-json\/wp\/v2\/pages\/496","targetHints":{"allow":["GET"]}}],"collection":[{"href":"https:\/\/antoineoury.fr\/index.php\/wp-json\/wp\/v2\/pages"}],"about":[{"href":"https:\/\/antoineoury.fr\/index.php\/wp-json\/wp\/v2\/types\/page"}],"author":[{"embeddable":true,"href":"https:\/\/antoineoury.fr\/index.php\/wp-json\/wp\/v2\/users\/2"}],"replies":[{"embeddable":true,"href":"https:\/\/antoineoury.fr\/index.php\/wp-json\/wp\/v2\/comments?post=496"}],"version-history":[{"count":0,"href":"https:\/\/antoineoury.fr\/index.php\/wp-json\/wp\/v2\/pages\/496\/revisions"}],"wp:attachment":[{"href":"https:\/\/antoineoury.fr\/index.php\/wp-json\/wp\/v2\/media?parent=496"}],"curies":[{"name":"wp","href":"https:\/\/api.w.org\/{rel}","templated":true}]}}